{"id":1969,"date":"2018-02-09T07:45:04","date_gmt":"2018-02-09T07:45:04","guid":{"rendered":"http:\/\/longkft.hu\/audioblog\/tevekenyseg\/"},"modified":"2023-04-03T15:42:17","modified_gmt":"2023-04-03T15:42:17","slug":"kiadvanyszerkesztes","status":"publish","type":"page","link":"https:\/\/longkft.hu\/audioblog\/kiadvanyszerkesztes\/","title":{"rendered":"Tev\u00e9kenys\u00e9gek"},"content":{"rendered":"<p><img decoding=\"async\" src=\"https:\/\/longkft.hu\/audioblog\/wp-content\/uploads\/2023\/03\/milesdavis.jpg\" alt=\"tev\u00e9kenys\u00e9geim\" \/><\/p>\n<div>\n<h3 class=\"uk-panel-title\">Long Grafika &#8211; kiadv\u00e1nyszerkeszt\u00e9s<\/h3>\n<div class=\"uk-margin\">\n<p class=\"uk-text-justify\">1992 \u00f3ta t\u00f6bb sz\u00e1z el\u00e9gedett \u00fcgyf\u00e9l r\u00e9sz\u00e9re t\u00f6bb ezer grafikai munka \/ kiadv\u00e1nyszerkeszt\u00e9s k\u00e9sz\u00fclt kiadv\u00e1nyszerkeszt\u0151 st\u00fadi\u00f3mban.<br \/>\nN\u00e9zzen sz\u00e9t a munk\u00e1im k\u00f6z\u00f6tt:<br \/>\n<a href=\"https:\/\/www.facebook.com\/dtp.kiadvanyszerkesztes\" target=\"_blank\" rel=\"noopener\">Facebook-on<\/a><br \/>\n<a href=\"https:\/\/hu.pinterest.com\/farkas1051\/grafikus-tan%C3%ADtv%C3%A1nyaim-munk%C3%A1i-grafikus-k%C3%A9pz%C3%A9s\/\" target=\"_blank\" rel=\"noopener\">Pinterest-en<\/a><br \/>\nAmennyiben el\u00e9gedett az ott l\u00e1tottakkal, keressen <a href=\"https:\/\/longkft.hu\/audioblog\/kapcsolat\/\" target=\"_blank\" rel=\"noopener\">el\u00e9rhet\u0151s\u00e9geimen<\/a>.<\/p>\n<\/div>\n<h3 class=\"uk-panel-title\">Az al\u00e1bbi t\u00e9mak\u00f6r\u00f6kben \u00e1llok rendelkez\u00e9s\u00fckre:<\/h3>\n<div>\n<ul style=\"list-style-type: square;\">\n<li>Arculat \u2013 arculati elemek, log\u00f3, arculati k\u00e9zik\u00f6nyv<\/li>\n<li>K\u00f6nyv \u2013 k\u00f6nyvbor\u00edt\u00f3 tervez\u00e9s, bel\u00edv t\u00f6rdel\u00e9s, k\u00f6nyvsorozat terv<\/li>\n<li>Nyelvi mut\u00e1ci\u00f3 \u2013 ford\u00edt\u00f3irodai t\u00f6rdel\u00e9s, kiadv\u00e1nyok &#8222;nyelvcser\u00e9je&#8221;<\/li>\n<li>Periodika \u2013 \u00fajs\u00e1gok, magazinok komplett DTP munk\u00e1i<\/li>\n<li>Prospektus \u2013 arculat illetve brief alapj\u00e1n, vagy egyedi tervez\u00e9ssel<\/li>\n<li>Rekl\u00e1m, rekl\u00e1mkamp\u00e1ny \u2013 megl\u00e9v\u0151 brief alapj\u00e1n, vagy egyedi tervez\u00e9ssel<\/li>\n<li>Term\u00e9kcsomagol\u00e1s \u2013 term\u00e9kcsal\u00e1dok, egyedi term\u00e9kek, mut\u00e1ci\u00f3k<\/li>\n<li>Term\u00e9kkatal\u00f3gus \u2013 komplett DTP munk\u00e1k tervez\u00e9st\u0151l nyomd\u00e1ba ad\u00e1sig<\/li>\n<\/ul>\n<\/div>\n<\/div>\n<span>Megosztom:<\/span><br><a target=\"_blank\" class=\"facebook\" title=\"\" rel=\"external\" href=\"https:\/\/www.facebook.com\/share.php?u=https:\/\/longkft.hu\/audioblog\/kiadvanyszerkesztes\/&title=Tev\u00e9kenys\u00e9gek\"><\/a><a target=\"_blank\" class=\"linkedin\" title=\"\" rel=\"external\" href=\"http:\/\/www.linkedin.com\/shareArticle?mini=true&amp;url=https%3A%2F%2Flongkft.hu%2Faudioblog%2Fkiadvanyszerkesztes%2F&amp;title=Tev%C3%A9kenys%C3%A9gek&amp;summary=%3Cimg+src%3D%22https%3A%2F%2Flongkft.hu%2Faudioblog%2Fwp-content%2Fuploads%2F2023%2F03%2Fmilesdavis.jpg%22+alt%3D%22tev%C3%A9kenys%C3%A9geim%22+%2F%3E%0D%0A%3Cdiv%3E%0D%0A%3Ch3+class%3D%22uk-panel-title%22%3ELong+Grafika+-+kiadv%C3%A1nyszerkeszt%C3%A9s%3C%2Fh3%3E%0D%0A%3Cdiv+class%3D%22uk-margin%22%3E%0D%0A%3Cp+class%3D%22uk-text-justify%22%3E1992+%C3%B3ta+t%C3%B6bb+sz%C3%A1z+el%C3%A9gedett+%C3%BCgyf%C3%A9l+r%C3%A9sz%C3%A9re+t%C3%B6bb+ezer+grafikai+munka+%2F+kiadv%C3%A1nyszerkeszt%C3%A9s+k%C3%A9sz%C3%BClt+kiadv%C3%A1nyszerkeszt%C5%91+st%C3%BAdi%C3%B3mban.%0D%0AN%C3%A9zzen+sz%C3%A9t+a+munk%C3%A1im+k%C3%B6z%C3%B6tt%3A%0D%0A%3Ca+href%3D%22https%3A%2F%2Fwww.facebook.com%2Fdtp.kiadvanyszerkesztes%22+target%3D%22_blank%22+rel%3D%22noopener%22%3EFacebook-on%3C%2Fa%3E%0D%0A%3Ca+href%3D%22https%3A%2F%2Fhu.pinterest.com%2Ffarkas1051%2Fgrafikus-tan%25C3%25ADtv%25C3%25A1nyaim-munk%25C3%25A1i-grafikus-k%25C3%25A9pz%25C3%25A9s%2F%22+target%3D%22_blank%22+rel%3D%22noopener%22%3EPinterest-en%3C%2Fa%3E%0D%0AAmennyiben+el%C3%A9gedett+az+ott+l%C3%A1tottakkal%2C+keressen+%3Ca+href%3D%22https%3A%2F%2Flongkft.hu%2Faudioblog%2Fkapcsolat%2F%22+target%3D%22_blank%22+rel%3D%22noopener%22%3Eel%C3%A9rhet%C5%91s%C3%A9geimen%3C%2Fa%3E.%3C%2Fp%3E%0D%0A%0D%0A%3C%2Fdiv%3E%0D%0A%3Ch3+class%3D%22uk-panel-title%22%3EAz+al%C3%A1bbi+t%C3%A9mak%C3%B6r%C3%B6kben+%C3%A1llok+rendelkez%C3%A9s%C3%BCkre%3A%3C%2Fh3%3E%0D%0A%3Cdiv%3E%0D%0A%3Cul+style%3D%22list-style-type%3A+square%3B%22%3E%0D%0A+%09%3Cli%3EArculat+%E2%80%93+arculati+elemek%2C+log%C3%B3%2C+arculati+k%C3%A9zik%C3%B6nyv%3C%2Fli%3E%0D%0A+%09%3Cli%3EK%C3%B6nyv+%E2%80%93+k%C3%B6nyvbor%C3%ADt%C3%B3+tervez%C3%A9s%2C+bel%C3%ADv+t%C3%B6rdel%C3%A9s%2C+k%C3%B6nyvsorozat+terv%3C%2Fli%3E%0D%0A+%09%3Cli%3ENyelvi+mut%C3%A1ci%C3%B3+%E2%80%93+ford%C3%ADt%C3%B3irodai+t%C3%B6rdel%C3%A9s%2C+kiadv%C3%A1nyok+%22nyelvcser%C3%A9je%22%3C%2Fli%3E%0D%0A+%09%3Cli%3EPeriodika+%E2%80%93+%C3%BAjs%C3%A1gok%2C+magazinok+komplett+DTP+munk%C3%A1i%3C%2Fli%3E%0D%0A+%09%3Cli%3EProspektus+%E2%80%93+arculat+illetve+brief+alapj%C3%A1n%2C+vagy+egyedi+tervez%C3%A9ssel%3C%2Fli%3E%0D%0A+%09%3Cli%3ERekl%C3%A1m%2C+rekl%C3%A1mkamp%C3%A1ny+%E2%80%93+megl%C3%A9v%C5%91+brief+alapj%C3%A1n%2C+vagy+egyedi+tervez%C3%A9ssel%3C%2Fli%3E%0D%0A+%09%3Cli%3ETerm%C3%A9kcsomagol%C3%A1s+%E2%80%93+term%C3%A9kcsal%C3%A1dok%2C+egyedi+term%C3%A9kek%2C+mut%C3%A1ci%C3%B3k%3C%2Fli%3E%0D%0A+%09%3Cli%3ETerm%C3%A9kkatal%C3%B3gus+%E2%80%93+komplett+DTP+munk%C3%A1k+tervez%C3%A9st%C5%91l+nyomd%C3%A1ba+ad%C3%A1sig%3C%2Fli%3E%0D%0A%3C%2Ful%3E%0D%0A%3C%2Fdiv%3E%0D%0A%3C%2Fdiv%3E&amp;source=Longaudio\"><\/a><a target=\"_blank\" class=\"gplusz\" title=\"\" rel=\"external\" href=\"https:\/\/plusone.google.com\/_\/+1\/confirm?url=https:\/\/longkft.hu\/audioblog\/kiadvanyszerkesztes\/\"><\/a><a target=\"_blank\" rel=\"nofollow\" class=\"email\" href=\"mailto:?subject=Longaudio - Tev\u00e9kenys\u00e9gek&amp;body=Kedves Bar\u00e1tom! Most olvastam a(z) Tev\u00e9kenys\u00e9gek  c\u00edm\u0171 cikket a(z) Longaudio  oldalon. Hivatkoz\u00e1s:  https:\/\/longkft.hu\/audioblog\/kiadvanyszerkesztes\/\" title=\"\"><\/a><a class=\"nyomtatas\" title=\"\" href=\"http:\/\/www.printfriendly.com\" onclick=\"window.print();return false;\"><\/a>","protected":false},"excerpt":{"rendered":"<p>Long Grafika &#8211; kiadv\u00e1nyszerkeszt\u00e9s 1992 \u00f3ta t\u00f6bb sz\u00e1z el\u00e9gedett \u00fcgyf\u00e9l r\u00e9sz\u00e9re t\u00f6bb ezer grafikai munka \/ kiadv\u00e1nyszerkeszt\u00e9s k\u00e9sz\u00fclt kiadv\u00e1nyszerkeszt\u0151 st\u00fadi\u00f3mban. N\u00e9zzen sz\u00e9t a munk\u00e1im k\u00f6z\u00f6tt: Facebook-on Pinterest-en Amennyiben el\u00e9gedett az ott l\u00e1tottakkal, keressen el\u00e9rhet\u0151s\u00e9geimen. Az al\u00e1bbi t\u00e9mak\u00f6r\u00f6kben \u00e1llok rendelkez\u00e9s\u00fckre: Arculat \u2013 arculati elemek, log\u00f3, arculati k\u00e9zik\u00f6nyv K\u00f6nyv \u2013 k\u00f6nyvbor\u00edt\u00f3 tervez\u00e9s, bel\u00edv t\u00f6rdel\u00e9s, k\u00f6nyvsorozat terv Nyelvi&#8230;<\/p>\n<span>Megosztom:<\/span><br><a target=\"_blank\" class=\"facebook\" title=\"\" rel=\"external\" href=\"https:\/\/www.facebook.com\/share.php?u=https:\/\/longkft.hu\/audioblog\/kiadvanyszerkesztes\/&title=Tev\u00e9kenys\u00e9gek\"><\/a><a target=\"_blank\" class=\"linkedin\" title=\"\" rel=\"external\" href=\"http:\/\/www.linkedin.com\/shareArticle?mini=true&amp;url=https%3A%2F%2Flongkft.hu%2Faudioblog%2Fkiadvanyszerkesztes%2F&amp;title=Tev%C3%A9kenys%C3%A9gek&amp;summary=%3Cimg+src%3D%22https%3A%2F%2Flongkft.hu%2Faudioblog%2Fwp-content%2Fuploads%2F2023%2F03%2Fmilesdavis.jpg%22+alt%3D%22tev%C3%A9kenys%C3%A9geim%22+%2F%3E%0D%0A%3Cdiv%3E%0D%0A%3Ch3+class%3D%22uk-panel-title%22%3ELong+Grafika+-+kiadv%C3%A1nyszerkeszt%C3%A9s%3C%2Fh3%3E%0D%0A%3Cdiv+class%3D%22uk-margin%22%3E%0D%0A%3Cp+class%3D%22uk-text-justify%22%3E1992+%C3%B3ta+t%C3%B6bb+sz%C3%A1z+el%C3%A9gedett+%C3%BCgyf%C3%A9l+r%C3%A9sz%C3%A9re+t%C3%B6bb+ezer+grafikai+munka+%2F+kiadv%C3%A1nyszerkeszt%C3%A9s+k%C3%A9sz%C3%BClt+kiadv%C3%A1nyszerkeszt%C5%91+st%C3%BAdi%C3%B3mban.%0D%0AN%C3%A9zzen+sz%C3%A9t+a+munk%C3%A1im+k%C3%B6z%C3%B6tt%3A%0D%0A%3Ca+href%3D%22https%3A%2F%2Fwww.facebook.com%2Fdtp.kiadvanyszerkesztes%22+target%3D%22_blank%22+rel%3D%22noopener%22%3EFacebook-on%3C%2Fa%3E%0D%0A%3Ca+href%3D%22https%3A%2F%2Fhu.pinterest.com%2Ffarkas1051%2Fgrafikus-tan%25C3%25ADtv%25C3%25A1nyaim-munk%25C3%25A1i-grafikus-k%25C3%25A9pz%25C3%25A9s%2F%22+target%3D%22_blank%22+rel%3D%22noopener%22%3EPinterest-en%3C%2Fa%3E%0D%0AAmennyiben+el%C3%A9gedett+az+ott+l%C3%A1tottakkal%2C+keressen+%3Ca+href%3D%22https%3A%2F%2Flongkft.hu%2Faudioblog%2Fkapcsolat%2F%22+target%3D%22_blank%22+rel%3D%22noopener%22%3Eel%C3%A9rhet%C5%91s%C3%A9geimen%3C%2Fa%3E.%3C%2Fp%3E%0D%0A%0D%0A%3C%2Fdiv%3E%0D%0A%3Ch3+class%3D%22uk-panel-title%22%3EAz+al%C3%A1bbi+t%C3%A9mak%C3%B6r%C3%B6kben+%C3%A1llok+rendelkez%C3%A9s%C3%BCkre%3A%3C%2Fh3%3E%0D%0A%3Cdiv%3E%0D%0A%3Cul+style%3D%22list-style-type%3A+square%3B%22%3E%0D%0A+%09%3Cli%3EArculat+%E2%80%93+arculati+elemek%2C+log%C3%B3%2C+arculati+k%C3%A9zik%C3%B6nyv%3C%2Fli%3E%0D%0A+%09%3Cli%3EK%C3%B6nyv+%E2%80%93+k%C3%B6nyvbor%C3%ADt%C3%B3+tervez%C3%A9s%2C+bel%C3%ADv+t%C3%B6rdel%C3%A9s%2C+k%C3%B6nyvsorozat+terv%3C%2Fli%3E%0D%0A+%09%3Cli%3ENyelvi+mut%C3%A1ci%C3%B3+%E2%80%93+ford%C3%ADt%C3%B3irodai+t%C3%B6rdel%C3%A9s%2C+kiadv%C3%A1nyok+%22nyelvcser%C3%A9je%22%3C%2Fli%3E%0D%0A+%09%3Cli%3EPeriodika+%E2%80%93+%C3%BAjs%C3%A1gok%2C+magazinok+komplett+DTP+munk%C3%A1i%3C%2Fli%3E%0D%0A+%09%3Cli%3EProspektus+%E2%80%93+arculat+illetve+brief+alapj%C3%A1n%2C+vagy+egyedi+tervez%C3%A9ssel%3C%2Fli%3E%0D%0A+%09%3Cli%3ERekl%C3%A1m%2C+rekl%C3%A1mkamp%C3%A1ny+%E2%80%93+megl%C3%A9v%C5%91+brief+alapj%C3%A1n%2C+vagy+egyedi+tervez%C3%A9ssel%3C%2Fli%3E%0D%0A+%09%3Cli%3ETerm%C3%A9kcsomagol%C3%A1s+%E2%80%93+term%C3%A9kcsal%C3%A1dok%2C+egyedi+term%C3%A9kek%2C+mut%C3%A1ci%C3%B3k%3C%2Fli%3E%0D%0A+%09%3Cli%3ETerm%C3%A9kkatal%C3%B3gus+%E2%80%93+komplett+DTP+munk%C3%A1k+tervez%C3%A9st%C5%91l+nyomd%C3%A1ba+ad%C3%A1sig%3C%2Fli%3E%0D%0A%3C%2Ful%3E%0D%0A%3C%2Fdiv%3E%0D%0A%3C%2Fdiv%3E&amp;source=Longaudio\"><\/a><a target=\"_blank\" class=\"gplusz\" title=\"\" rel=\"external\" href=\"https:\/\/plusone.google.com\/_\/+1\/confirm?url=https:\/\/longkft.hu\/audioblog\/kiadvanyszerkesztes\/\"><\/a><a target=\"_blank\" rel=\"nofollow\" class=\"email\" href=\"mailto:?subject=Longaudio - Tev\u00e9kenys\u00e9gek&amp;body=Kedves Bar\u00e1tom! Most olvastam a(z) Tev\u00e9kenys\u00e9gek  c\u00edm\u0171 cikket a(z) Longaudio  oldalon. Hivatkoz\u00e1s:  https:\/\/longkft.hu\/audioblog\/kiadvanyszerkesztes\/\" title=\"\"><\/a><a class=\"nyomtatas\" title=\"\" href=\"http:\/\/www.printfriendly.com\" onclick=\"window.print();return false;\"><\/a>","protected":false},"author":2,"featured_media":12660,"parent":0,"menu_order":0,"comment_status":"closed","ping_status":"closed","template":"","meta":{"footnotes":""},"class_list":["post-1969","page","type-page","status-publish","has-post-thumbnail","hentry"],"yoast_head":"<!-- This site is optimized with the Yoast SEO plugin v27.3 - https:\/\/yoast.com\/product\/yoast-seo-wordpress\/ -->\n<title>Tev\u00e9kenys\u00e9gek - Longaudio<\/title>\n<meta name=\"description\" content=\"Arculat, k\u00f6nyv, prospektus, term\u00e9kkatal\u00f3gus, term\u00e9kcsomagol\u00e1s, periodika \u00e9s egy\u00e9b kiadv\u00e1nyszerkeszt\u00e9s. Alap\u00edtva 1992-ben.\" \/>\n<meta name=\"robots\" content=\"index, follow, max-snippet:-1, max-image-preview:large, max-video-preview:-1\" \/>\n<link rel=\"canonical\" href=\"https:\/\/longkft.hu\/audioblog\/kiadvanyszerkesztes\/\" \/>\n<meta property=\"og:locale\" content=\"hu_HU\" \/>\n<meta property=\"og:type\" content=\"article\" \/>\n<meta property=\"og:title\" content=\"Tev\u00e9kenys\u00e9gek - Longaudio\" \/>\n<meta property=\"og:description\" content=\"Arculat, k\u00f6nyv, prospektus, term\u00e9kkatal\u00f3gus, term\u00e9kcsomagol\u00e1s, periodika \u00e9s egy\u00e9b kiadv\u00e1nyszerkeszt\u00e9s. Alap\u00edtva 1992-ben.\" \/>\n<meta property=\"og:url\" content=\"https:\/\/longkft.hu\/audioblog\/kiadvanyszerkesztes\/\" \/>\n<meta property=\"og:site_name\" content=\"Longaudio\" \/>\n<meta property=\"article:publisher\" content=\"https:\/\/www.facebook.com\/longkft\" \/>\n<meta property=\"article:modified_time\" content=\"2023-04-03T15:42:17+00:00\" \/>\n<meta property=\"og:image\" content=\"https:\/\/longkft.hu\/audioblog\/wp-content\/uploads\/2023\/03\/milesdavis.jpg\" \/>\n\t<meta property=\"og:image:width\" content=\"1461\" \/>\n\t<meta property=\"og:image:height\" content=\"522\" \/>\n\t<meta property=\"og:image:type\" content=\"image\/jpeg\" \/>\n<meta name=\"twitter:card\" content=\"summary_large_image\" \/>\n<meta name=\"twitter:label1\" content=\"Becs\u00fclt olvas\u00e1si id\u0151\" \/>\n\t<meta name=\"twitter:data1\" content=\"1 perc\" \/>\n<script type=\"application\/ld+json\" class=\"yoast-schema-graph\">{\"@context\":\"https:\\\/\\\/schema.org\",\"@graph\":[{\"@type\":\"WebPage\",\"@id\":\"https:\\\/\\\/longkft.hu\\\/audioblog\\\/kiadvanyszerkesztes\\\/\",\"url\":\"https:\\\/\\\/longkft.hu\\\/audioblog\\\/kiadvanyszerkesztes\\\/\",\"name\":\"Tev\u00e9kenys\u00e9gek - Longaudio\",\"isPartOf\":{\"@id\":\"https:\\\/\\\/longkft.hu\\\/audioblog\\\/#website\"},\"primaryImageOfPage\":{\"@id\":\"https:\\\/\\\/longkft.hu\\\/audioblog\\\/kiadvanyszerkesztes\\\/#primaryimage\"},\"image\":{\"@id\":\"https:\\\/\\\/longkft.hu\\\/audioblog\\\/kiadvanyszerkesztes\\\/#primaryimage\"},\"thumbnailUrl\":\"https:\\\/\\\/longkft.hu\\\/audioblog\\\/wp-content\\\/uploads\\\/2023\\\/03\\\/milesdavis.jpg\",\"datePublished\":\"2018-02-09T07:45:04+00:00\",\"dateModified\":\"2023-04-03T15:42:17+00:00\",\"description\":\"Arculat, k\u00f6nyv, prospektus, term\u00e9kkatal\u00f3gus, term\u00e9kcsomagol\u00e1s, periodika \u00e9s egy\u00e9b kiadv\u00e1nyszerkeszt\u00e9s. Alap\u00edtva 1992-ben.\",\"breadcrumb\":{\"@id\":\"https:\\\/\\\/longkft.hu\\\/audioblog\\\/kiadvanyszerkesztes\\\/#breadcrumb\"},\"inLanguage\":\"hu\",\"potentialAction\":[{\"@type\":\"ReadAction\",\"target\":[\"https:\\\/\\\/longkft.hu\\\/audioblog\\\/kiadvanyszerkesztes\\\/\"]}]},{\"@type\":\"ImageObject\",\"inLanguage\":\"hu\",\"@id\":\"https:\\\/\\\/longkft.hu\\\/audioblog\\\/kiadvanyszerkesztes\\\/#primaryimage\",\"url\":\"https:\\\/\\\/longkft.hu\\\/audioblog\\\/wp-content\\\/uploads\\\/2023\\\/03\\\/milesdavis.jpg\",\"contentUrl\":\"https:\\\/\\\/longkft.hu\\\/audioblog\\\/wp-content\\\/uploads\\\/2023\\\/03\\\/milesdavis.jpg\",\"width\":1461,\"height\":522},{\"@type\":\"BreadcrumbList\",\"@id\":\"https:\\\/\\\/longkft.hu\\\/audioblog\\\/kiadvanyszerkesztes\\\/#breadcrumb\",\"itemListElement\":[{\"@type\":\"ListItem\",\"position\":1,\"name\":\"Kezd\u0151oldal\",\"item\":\"https:\\\/\\\/longkft.hu\\\/audioblog\\\/\"},{\"@type\":\"ListItem\",\"position\":2,\"name\":\"Tev\u00e9kenys\u00e9gek\"}]},{\"@type\":\"WebSite\",\"@id\":\"https:\\\/\\\/longkft.hu\\\/audioblog\\\/#website\",\"url\":\"https:\\\/\\\/longkft.hu\\\/audioblog\\\/\",\"name\":\"Longaudio\",\"description\":\"50 \u00e9v lemezgy\u0171jtem\u00e9nye \u00e9s audio k\u00e9sz\u00fcl\u00e9kei\",\"publisher\":{\"@id\":\"https:\\\/\\\/longkft.hu\\\/audioblog\\\/#\\\/schema\\\/person\\\/645cabad2d8e942354ed2caeef3aa9ea\"},\"potentialAction\":[{\"@type\":\"SearchAction\",\"target\":{\"@type\":\"EntryPoint\",\"urlTemplate\":\"https:\\\/\\\/longkft.hu\\\/audioblog\\\/?s={search_term_string}\"},\"query-input\":{\"@type\":\"PropertyValueSpecification\",\"valueRequired\":true,\"valueName\":\"search_term_string\"}}],\"inLanguage\":\"hu\"},{\"@type\":[\"Person\",\"Organization\"],\"@id\":\"https:\\\/\\\/longkft.hu\\\/audioblog\\\/#\\\/schema\\\/person\\\/645cabad2d8e942354ed2caeef3aa9ea\",\"name\":\"Long\",\"image\":{\"@type\":\"ImageObject\",\"inLanguage\":\"hu\",\"@id\":\"https:\\\/\\\/longkft.hu\\\/audioblog\\\/wp-content\\\/uploads\\\/2018\\\/01\\\/logo.jpg\",\"url\":\"https:\\\/\\\/longkft.hu\\\/audioblog\\\/wp-content\\\/uploads\\\/2018\\\/01\\\/logo.jpg\",\"contentUrl\":\"https:\\\/\\\/longkft.hu\\\/audioblog\\\/wp-content\\\/uploads\\\/2018\\\/01\\\/logo.jpg\",\"width\":240,\"height\":240,\"caption\":\"Long\"},\"logo\":{\"@id\":\"https:\\\/\\\/longkft.hu\\\/audioblog\\\/wp-content\\\/uploads\\\/2018\\\/01\\\/logo.jpg\"},\"sameAs\":[\"https:\\\/\\\/www.facebook.com\\\/longkft\",\"https:\\\/\\\/hu.pinterest.com\\\/farkas1051\\\/_saved\\\/\"]}]}<\/script>\n<!-- \/ Yoast SEO plugin. -->","yoast_head_json":{"title":"Tev\u00e9kenys\u00e9gek - Longaudio","description":"Arculat, k\u00f6nyv, prospektus, term\u00e9kkatal\u00f3gus, term\u00e9kcsomagol\u00e1s, periodika \u00e9s egy\u00e9b kiadv\u00e1nyszerkeszt\u00e9s. Alap\u00edtva 1992-ben.","robots":{"index":"index","follow":"follow","max-snippet":"max-snippet:-1","max-image-preview":"max-image-preview:large","max-video-preview":"max-video-preview:-1"},"canonical":"https:\/\/longkft.hu\/audioblog\/kiadvanyszerkesztes\/","og_locale":"hu_HU","og_type":"article","og_title":"Tev\u00e9kenys\u00e9gek - Longaudio","og_description":"Arculat, k\u00f6nyv, prospektus, term\u00e9kkatal\u00f3gus, term\u00e9kcsomagol\u00e1s, periodika \u00e9s egy\u00e9b kiadv\u00e1nyszerkeszt\u00e9s. Alap\u00edtva 1992-ben.","og_url":"https:\/\/longkft.hu\/audioblog\/kiadvanyszerkesztes\/","og_site_name":"Longaudio","article_publisher":"https:\/\/www.facebook.com\/longkft","article_modified_time":"2023-04-03T15:42:17+00:00","og_image":[{"width":1461,"height":522,"url":"https:\/\/longkft.hu\/audioblog\/wp-content\/uploads\/2023\/03\/milesdavis.jpg","type":"image\/jpeg"}],"twitter_card":"summary_large_image","twitter_misc":{"Becs\u00fclt olvas\u00e1si id\u0151":"1 perc"},"schema":{"@context":"https:\/\/schema.org","@graph":[{"@type":"WebPage","@id":"https:\/\/longkft.hu\/audioblog\/kiadvanyszerkesztes\/","url":"https:\/\/longkft.hu\/audioblog\/kiadvanyszerkesztes\/","name":"Tev\u00e9kenys\u00e9gek - Longaudio","isPartOf":{"@id":"https:\/\/longkft.hu\/audioblog\/#website"},"primaryImageOfPage":{"@id":"https:\/\/longkft.hu\/audioblog\/kiadvanyszerkesztes\/#primaryimage"},"image":{"@id":"https:\/\/longkft.hu\/audioblog\/kiadvanyszerkesztes\/#primaryimage"},"thumbnailUrl":"https:\/\/longkft.hu\/audioblog\/wp-content\/uploads\/2023\/03\/milesdavis.jpg","datePublished":"2018-02-09T07:45:04+00:00","dateModified":"2023-04-03T15:42:17+00:00","description":"Arculat, k\u00f6nyv, prospektus, term\u00e9kkatal\u00f3gus, term\u00e9kcsomagol\u00e1s, periodika \u00e9s egy\u00e9b kiadv\u00e1nyszerkeszt\u00e9s. Alap\u00edtva 1992-ben.","breadcrumb":{"@id":"https:\/\/longkft.hu\/audioblog\/kiadvanyszerkesztes\/#breadcrumb"},"inLanguage":"hu","potentialAction":[{"@type":"ReadAction","target":["https:\/\/longkft.hu\/audioblog\/kiadvanyszerkesztes\/"]}]},{"@type":"ImageObject","inLanguage":"hu","@id":"https:\/\/longkft.hu\/audioblog\/kiadvanyszerkesztes\/#primaryimage","url":"https:\/\/longkft.hu\/audioblog\/wp-content\/uploads\/2023\/03\/milesdavis.jpg","contentUrl":"https:\/\/longkft.hu\/audioblog\/wp-content\/uploads\/2023\/03\/milesdavis.jpg","width":1461,"height":522},{"@type":"BreadcrumbList","@id":"https:\/\/longkft.hu\/audioblog\/kiadvanyszerkesztes\/#breadcrumb","itemListElement":[{"@type":"ListItem","position":1,"name":"Kezd\u0151oldal","item":"https:\/\/longkft.hu\/audioblog\/"},{"@type":"ListItem","position":2,"name":"Tev\u00e9kenys\u00e9gek"}]},{"@type":"WebSite","@id":"https:\/\/longkft.hu\/audioblog\/#website","url":"https:\/\/longkft.hu\/audioblog\/","name":"Longaudio","description":"50 \u00e9v lemezgy\u0171jtem\u00e9nye \u00e9s audio k\u00e9sz\u00fcl\u00e9kei","publisher":{"@id":"https:\/\/longkft.hu\/audioblog\/#\/schema\/person\/645cabad2d8e942354ed2caeef3aa9ea"},"potentialAction":[{"@type":"SearchAction","target":{"@type":"EntryPoint","urlTemplate":"https:\/\/longkft.hu\/audioblog\/?s={search_term_string}"},"query-input":{"@type":"PropertyValueSpecification","valueRequired":true,"valueName":"search_term_string"}}],"inLanguage":"hu"},{"@type":["Person","Organization"],"@id":"https:\/\/longkft.hu\/audioblog\/#\/schema\/person\/645cabad2d8e942354ed2caeef3aa9ea","name":"Long","image":{"@type":"ImageObject","inLanguage":"hu","@id":"https:\/\/longkft.hu\/audioblog\/wp-content\/uploads\/2018\/01\/logo.jpg","url":"https:\/\/longkft.hu\/audioblog\/wp-content\/uploads\/2018\/01\/logo.jpg","contentUrl":"https:\/\/longkft.hu\/audioblog\/wp-content\/uploads\/2018\/01\/logo.jpg","width":240,"height":240,"caption":"Long"},"logo":{"@id":"https:\/\/longkft.hu\/audioblog\/wp-content\/uploads\/2018\/01\/logo.jpg"},"sameAs":["https:\/\/www.facebook.com\/longkft","https:\/\/hu.pinterest.com\/farkas1051\/_saved\/"]}]}},"_links":{"self":[{"href":"https:\/\/longkft.hu\/audioblog\/wp-json\/wp\/v2\/pages\/1969","targetHints":{"allow":["GET"]}}],"collection":[{"href":"https:\/\/longkft.hu\/audioblog\/wp-json\/wp\/v2\/pages"}],"about":[{"href":"https:\/\/longkft.hu\/audioblog\/wp-json\/wp\/v2\/types\/page"}],"author":[{"embeddable":true,"href":"https:\/\/longkft.hu\/audioblog\/wp-json\/wp\/v2\/users\/2"}],"replies":[{"embeddable":true,"href":"https:\/\/longkft.hu\/audioblog\/wp-json\/wp\/v2\/comments?post=1969"}],"version-history":[{"count":0,"href":"https:\/\/longkft.hu\/audioblog\/wp-json\/wp\/v2\/pages\/1969\/revisions"}],"wp:featuredmedia":[{"embeddable":true,"href":"https:\/\/longkft.hu\/audioblog\/wp-json\/wp\/v2\/media\/12660"}],"wp:attachment":[{"href":"https:\/\/longkft.hu\/audioblog\/wp-json\/wp\/v2\/media?parent=1969"}],"curies":[{"name":"wp","href":"https:\/\/api.w.org\/{rel}","templated":true}]}}