{"id":90,"date":"2018-01-28T13:59:43","date_gmt":"2018-01-28T13:59:43","guid":{"rendered":"http:\/\/longkft.hu\/audioblog\/?page_id=90"},"modified":"2024-06-10T06:06:37","modified_gmt":"2024-06-10T06:06:37","slug":"kapcsolat","status":"publish","type":"page","link":"https:\/\/longkft.hu\/audioblog\/kapcsolat\/","title":{"rendered":"Kapcsolat"},"content":{"rendered":"<h3><img loading=\"lazy\" decoding=\"async\" src=\"https:\/\/longkft.hu\/audioblog\/wp-content\/uploads\/2023\/03\/contact-cover.png\" alt=\"kapcsolat\" width=\"1440\" height=\"458\" \/><\/h3>\n<p><a href=\"mailto:farkas.zsolt@longkft.hu\" target=\"_blank\" rel=\"noopener\">farkas.zsolt@longkft.hu<\/a><\/p>\n<p>&nbsp;<\/p>\n<span>Megosztom:<\/span><br><a target=\"_blank\" class=\"facebook\" title=\"\" rel=\"external\" href=\"https:\/\/www.facebook.com\/share.php?u=https:\/\/longkft.hu\/audioblog\/kapcsolat\/&title=Kapcsolat\"><\/a><a target=\"_blank\" class=\"linkedin\" title=\"\" rel=\"external\" href=\"http:\/\/www.linkedin.com\/shareArticle?mini=true&amp;url=https%3A%2F%2Flongkft.hu%2Faudioblog%2Fkapcsolat%2F&amp;title=Kapcsolat&amp;summary=%3Ch3%3E%3Cimg+src%3D%22https%3A%2F%2Flongkft.hu%2Faudioblog%2Fwp-content%2Fuploads%2F2023%2F03%2Fcontact-cover.png%22+alt%3D%22kapcsolat%22+width%3D%221440%22+height%3D%22458%22+%2F%3E%3C%2Fh3%3E%0D%0A%3Ca+href%3D%22mailto%3Afarkas.zsolt%40longkft.hu%22+target%3D%22_blank%22+rel%3D%22noopener%22%3Efarkas.zsolt%40longkft.hu%3C%2Fa%3E%0D%0A%0D%0A%26nbsp%3B&amp;source=Longaudio\"><\/a><a target=\"_blank\" class=\"gplusz\" title=\"\" rel=\"external\" href=\"https:\/\/plusone.google.com\/_\/+1\/confirm?url=https:\/\/longkft.hu\/audioblog\/kapcsolat\/\"><\/a><a target=\"_blank\" rel=\"nofollow\" class=\"email\" href=\"mailto:?subject=Longaudio - Kapcsolat&amp;body=Kedves Bar\u00e1tom! Most olvastam a(z) Kapcsolat  c\u00edm\u0171 cikket a(z) Longaudio  oldalon. Hivatkoz\u00e1s:  https:\/\/longkft.hu\/audioblog\/kapcsolat\/\" title=\"\"><\/a><a class=\"nyomtatas\" title=\"\" href=\"http:\/\/www.printfriendly.com\" onclick=\"window.print();return false;\"><\/a>","protected":false},"excerpt":{"rendered":"<p>farkas.zsolt@longkft.hu &nbsp; Megosztom:<\/p>\n<span>Megosztom:<\/span><br><a target=\"_blank\" class=\"facebook\" title=\"\" rel=\"external\" href=\"https:\/\/www.facebook.com\/share.php?u=https:\/\/longkft.hu\/audioblog\/kapcsolat\/&title=Kapcsolat\"><\/a><a target=\"_blank\" class=\"linkedin\" title=\"\" rel=\"external\" href=\"http:\/\/www.linkedin.com\/shareArticle?mini=true&amp;url=https%3A%2F%2Flongkft.hu%2Faudioblog%2Fkapcsolat%2F&amp;title=Kapcsolat&amp;summary=%3Ch3%3E%3Cimg+src%3D%22https%3A%2F%2Flongkft.hu%2Faudioblog%2Fwp-content%2Fuploads%2F2023%2F03%2Fcontact-cover.png%22+alt%3D%22kapcsolat%22+width%3D%221440%22+height%3D%22458%22+%2F%3E%3C%2Fh3%3E%0D%0A%3Ca+href%3D%22mailto%3Afarkas.zsolt%40longkft.hu%22+target%3D%22_blank%22+rel%3D%22noopener%22%3Efarkas.zsolt%40longkft.hu%3C%2Fa%3E%0D%0A%0D%0A%26nbsp%3B&amp;source=Longaudio\"><\/a><a target=\"_blank\" class=\"gplusz\" title=\"\" rel=\"external\" href=\"https:\/\/plusone.google.com\/_\/+1\/confirm?url=https:\/\/longkft.hu\/audioblog\/kapcsolat\/\"><\/a><a target=\"_blank\" rel=\"nofollow\" class=\"email\" href=\"mailto:?subject=Longaudio - Kapcsolat&amp;body=Kedves Bar\u00e1tom! Most olvastam a(z) Kapcsolat  c\u00edm\u0171 cikket a(z) Longaudio  oldalon. Hivatkoz\u00e1s:  https:\/\/longkft.hu\/audioblog\/kapcsolat\/\" title=\"\"><\/a><a class=\"nyomtatas\" title=\"\" href=\"http:\/\/www.printfriendly.com\" onclick=\"window.print();return false;\"><\/a>","protected":false},"author":2,"featured_media":12688,"parent":0,"menu_order":0,"comment_status":"closed","ping_status":"closed","template":"","meta":{"footnotes":""},"class_list":["post-90","page","type-page","status-publish","has-post-thumbnail","hentry"],"yoast_head":"<!-- This site is optimized with the Yoast SEO plugin v27.3 - https:\/\/yoast.com\/product\/yoast-seo-wordpress\/ -->\n<title>Kapcsolat - Longaudio<\/title>\n<meta name=\"description\" content=\"Long Kft. el\u00e9rhet\u0151s\u00e9gei\" \/>\n<meta name=\"robots\" content=\"index, follow, max-snippet:-1, max-image-preview:large, max-video-preview:-1\" \/>\n<link rel=\"canonical\" href=\"https:\/\/longkft.hu\/audioblog\/kapcsolat\/\" \/>\n<meta property=\"og:locale\" content=\"hu_HU\" \/>\n<meta property=\"og:type\" content=\"article\" \/>\n<meta property=\"og:title\" content=\"Kapcsolat - Longaudio\" \/>\n<meta property=\"og:description\" content=\"Long Kft. el\u00e9rhet\u0151s\u00e9gei\" \/>\n<meta property=\"og:url\" content=\"https:\/\/longkft.hu\/audioblog\/kapcsolat\/\" \/>\n<meta property=\"og:site_name\" content=\"Longaudio\" \/>\n<meta property=\"article:publisher\" content=\"https:\/\/www.facebook.com\/longkft\" \/>\n<meta property=\"article:modified_time\" content=\"2024-06-10T06:06:37+00:00\" \/>\n<meta property=\"og:image\" content=\"https:\/\/longkft.hu\/audioblog\/wp-content\/uploads\/2023\/03\/contact-cover.png\" \/>\n\t<meta property=\"og:image:width\" content=\"1440\" \/>\n\t<meta property=\"og:image:height\" content=\"458\" \/>\n\t<meta property=\"og:image:type\" content=\"image\/png\" \/>\n<meta name=\"twitter:card\" content=\"summary_large_image\" \/>\n<meta name=\"twitter:label1\" content=\"Becs\u00fclt olvas\u00e1si id\u0151\" \/>\n\t<meta name=\"twitter:data1\" content=\"1 perc\" \/>\n<script type=\"application\/ld+json\" class=\"yoast-schema-graph\">{\"@context\":\"https:\\\/\\\/schema.org\",\"@graph\":[{\"@type\":\"WebPage\",\"@id\":\"https:\\\/\\\/longkft.hu\\\/audioblog\\\/kapcsolat\\\/\",\"url\":\"https:\\\/\\\/longkft.hu\\\/audioblog\\\/kapcsolat\\\/\",\"name\":\"Kapcsolat - Longaudio\",\"isPartOf\":{\"@id\":\"https:\\\/\\\/longkft.hu\\\/audioblog\\\/#website\"},\"primaryImageOfPage\":{\"@id\":\"https:\\\/\\\/longkft.hu\\\/audioblog\\\/kapcsolat\\\/#primaryimage\"},\"image\":{\"@id\":\"https:\\\/\\\/longkft.hu\\\/audioblog\\\/kapcsolat\\\/#primaryimage\"},\"thumbnailUrl\":\"https:\\\/\\\/longkft.hu\\\/audioblog\\\/wp-content\\\/uploads\\\/2023\\\/03\\\/contact-cover.png\",\"datePublished\":\"2018-01-28T13:59:43+00:00\",\"dateModified\":\"2024-06-10T06:06:37+00:00\",\"description\":\"Long Kft. el\u00e9rhet\u0151s\u00e9gei\",\"breadcrumb\":{\"@id\":\"https:\\\/\\\/longkft.hu\\\/audioblog\\\/kapcsolat\\\/#breadcrumb\"},\"inLanguage\":\"hu\",\"potentialAction\":[{\"@type\":\"ReadAction\",\"target\":[\"https:\\\/\\\/longkft.hu\\\/audioblog\\\/kapcsolat\\\/\"]}]},{\"@type\":\"ImageObject\",\"inLanguage\":\"hu\",\"@id\":\"https:\\\/\\\/longkft.hu\\\/audioblog\\\/kapcsolat\\\/#primaryimage\",\"url\":\"https:\\\/\\\/longkft.hu\\\/audioblog\\\/wp-content\\\/uploads\\\/2023\\\/03\\\/contact-cover.png\",\"contentUrl\":\"https:\\\/\\\/longkft.hu\\\/audioblog\\\/wp-content\\\/uploads\\\/2023\\\/03\\\/contact-cover.png\",\"width\":1440,\"height\":458,\"caption\":\"kapcsolat\"},{\"@type\":\"BreadcrumbList\",\"@id\":\"https:\\\/\\\/longkft.hu\\\/audioblog\\\/kapcsolat\\\/#breadcrumb\",\"itemListElement\":[{\"@type\":\"ListItem\",\"position\":1,\"name\":\"Kezd\u0151oldal\",\"item\":\"https:\\\/\\\/longkft.hu\\\/audioblog\\\/\"},{\"@type\":\"ListItem\",\"position\":2,\"name\":\"Kapcsolat\"}]},{\"@type\":\"WebSite\",\"@id\":\"https:\\\/\\\/longkft.hu\\\/audioblog\\\/#website\",\"url\":\"https:\\\/\\\/longkft.hu\\\/audioblog\\\/\",\"name\":\"Longaudio\",\"description\":\"50 \u00e9v lemezgy\u0171jtem\u00e9nye \u00e9s audio k\u00e9sz\u00fcl\u00e9kei\",\"publisher\":{\"@id\":\"https:\\\/\\\/longkft.hu\\\/audioblog\\\/#\\\/schema\\\/person\\\/645cabad2d8e942354ed2caeef3aa9ea\"},\"potentialAction\":[{\"@type\":\"SearchAction\",\"target\":{\"@type\":\"EntryPoint\",\"urlTemplate\":\"https:\\\/\\\/longkft.hu\\\/audioblog\\\/?s={search_term_string}\"},\"query-input\":{\"@type\":\"PropertyValueSpecification\",\"valueRequired\":true,\"valueName\":\"search_term_string\"}}],\"inLanguage\":\"hu\"},{\"@type\":[\"Person\",\"Organization\"],\"@id\":\"https:\\\/\\\/longkft.hu\\\/audioblog\\\/#\\\/schema\\\/person\\\/645cabad2d8e942354ed2caeef3aa9ea\",\"name\":\"Long\",\"image\":{\"@type\":\"ImageObject\",\"inLanguage\":\"hu\",\"@id\":\"https:\\\/\\\/longkft.hu\\\/audioblog\\\/wp-content\\\/uploads\\\/2018\\\/01\\\/logo.jpg\",\"url\":\"https:\\\/\\\/longkft.hu\\\/audioblog\\\/wp-content\\\/uploads\\\/2018\\\/01\\\/logo.jpg\",\"contentUrl\":\"https:\\\/\\\/longkft.hu\\\/audioblog\\\/wp-content\\\/uploads\\\/2018\\\/01\\\/logo.jpg\",\"width\":240,\"height\":240,\"caption\":\"Long\"},\"logo\":{\"@id\":\"https:\\\/\\\/longkft.hu\\\/audioblog\\\/wp-content\\\/uploads\\\/2018\\\/01\\\/logo.jpg\"},\"sameAs\":[\"https:\\\/\\\/www.facebook.com\\\/longkft\",\"https:\\\/\\\/hu.pinterest.com\\\/farkas1051\\\/_saved\\\/\"]}]}<\/script>\n<!-- \/ Yoast SEO plugin. -->","yoast_head_json":{"title":"Kapcsolat - Longaudio","description":"Long Kft. el\u00e9rhet\u0151s\u00e9gei","robots":{"index":"index","follow":"follow","max-snippet":"max-snippet:-1","max-image-preview":"max-image-preview:large","max-video-preview":"max-video-preview:-1"},"canonical":"https:\/\/longkft.hu\/audioblog\/kapcsolat\/","og_locale":"hu_HU","og_type":"article","og_title":"Kapcsolat - Longaudio","og_description":"Long Kft. el\u00e9rhet\u0151s\u00e9gei","og_url":"https:\/\/longkft.hu\/audioblog\/kapcsolat\/","og_site_name":"Longaudio","article_publisher":"https:\/\/www.facebook.com\/longkft","article_modified_time":"2024-06-10T06:06:37+00:00","og_image":[{"width":1440,"height":458,"url":"https:\/\/longkft.hu\/audioblog\/wp-content\/uploads\/2023\/03\/contact-cover.png","type":"image\/png"}],"twitter_card":"summary_large_image","twitter_misc":{"Becs\u00fclt olvas\u00e1si id\u0151":"1 perc"},"schema":{"@context":"https:\/\/schema.org","@graph":[{"@type":"WebPage","@id":"https:\/\/longkft.hu\/audioblog\/kapcsolat\/","url":"https:\/\/longkft.hu\/audioblog\/kapcsolat\/","name":"Kapcsolat - Longaudio","isPartOf":{"@id":"https:\/\/longkft.hu\/audioblog\/#website"},"primaryImageOfPage":{"@id":"https:\/\/longkft.hu\/audioblog\/kapcsolat\/#primaryimage"},"image":{"@id":"https:\/\/longkft.hu\/audioblog\/kapcsolat\/#primaryimage"},"thumbnailUrl":"https:\/\/longkft.hu\/audioblog\/wp-content\/uploads\/2023\/03\/contact-cover.png","datePublished":"2018-01-28T13:59:43+00:00","dateModified":"2024-06-10T06:06:37+00:00","description":"Long Kft. el\u00e9rhet\u0151s\u00e9gei","breadcrumb":{"@id":"https:\/\/longkft.hu\/audioblog\/kapcsolat\/#breadcrumb"},"inLanguage":"hu","potentialAction":[{"@type":"ReadAction","target":["https:\/\/longkft.hu\/audioblog\/kapcsolat\/"]}]},{"@type":"ImageObject","inLanguage":"hu","@id":"https:\/\/longkft.hu\/audioblog\/kapcsolat\/#primaryimage","url":"https:\/\/longkft.hu\/audioblog\/wp-content\/uploads\/2023\/03\/contact-cover.png","contentUrl":"https:\/\/longkft.hu\/audioblog\/wp-content\/uploads\/2023\/03\/contact-cover.png","width":1440,"height":458,"caption":"kapcsolat"},{"@type":"BreadcrumbList","@id":"https:\/\/longkft.hu\/audioblog\/kapcsolat\/#breadcrumb","itemListElement":[{"@type":"ListItem","position":1,"name":"Kezd\u0151oldal","item":"https:\/\/longkft.hu\/audioblog\/"},{"@type":"ListItem","position":2,"name":"Kapcsolat"}]},{"@type":"WebSite","@id":"https:\/\/longkft.hu\/audioblog\/#website","url":"https:\/\/longkft.hu\/audioblog\/","name":"Longaudio","description":"50 \u00e9v lemezgy\u0171jtem\u00e9nye \u00e9s audio k\u00e9sz\u00fcl\u00e9kei","publisher":{"@id":"https:\/\/longkft.hu\/audioblog\/#\/schema\/person\/645cabad2d8e942354ed2caeef3aa9ea"},"potentialAction":[{"@type":"SearchAction","target":{"@type":"EntryPoint","urlTemplate":"https:\/\/longkft.hu\/audioblog\/?s={search_term_string}"},"query-input":{"@type":"PropertyValueSpecification","valueRequired":true,"valueName":"search_term_string"}}],"inLanguage":"hu"},{"@type":["Person","Organization"],"@id":"https:\/\/longkft.hu\/audioblog\/#\/schema\/person\/645cabad2d8e942354ed2caeef3aa9ea","name":"Long","image":{"@type":"ImageObject","inLanguage":"hu","@id":"https:\/\/longkft.hu\/audioblog\/wp-content\/uploads\/2018\/01\/logo.jpg","url":"https:\/\/longkft.hu\/audioblog\/wp-content\/uploads\/2018\/01\/logo.jpg","contentUrl":"https:\/\/longkft.hu\/audioblog\/wp-content\/uploads\/2018\/01\/logo.jpg","width":240,"height":240,"caption":"Long"},"logo":{"@id":"https:\/\/longkft.hu\/audioblog\/wp-content\/uploads\/2018\/01\/logo.jpg"},"sameAs":["https:\/\/www.facebook.com\/longkft","https:\/\/hu.pinterest.com\/farkas1051\/_saved\/"]}]}},"_links":{"self":[{"href":"https:\/\/longkft.hu\/audioblog\/wp-json\/wp\/v2\/pages\/90","targetHints":{"allow":["GET"]}}],"collection":[{"href":"https:\/\/longkft.hu\/audioblog\/wp-json\/wp\/v2\/pages"}],"about":[{"href":"https:\/\/longkft.hu\/audioblog\/wp-json\/wp\/v2\/types\/page"}],"author":[{"embeddable":true,"href":"https:\/\/longkft.hu\/audioblog\/wp-json\/wp\/v2\/users\/2"}],"replies":[{"embeddable":true,"href":"https:\/\/longkft.hu\/audioblog\/wp-json\/wp\/v2\/comments?post=90"}],"version-history":[{"count":1,"href":"https:\/\/longkft.hu\/audioblog\/wp-json\/wp\/v2\/pages\/90\/revisions"}],"predecessor-version":[{"id":13776,"href":"https:\/\/longkft.hu\/audioblog\/wp-json\/wp\/v2\/pages\/90\/revisions\/13776"}],"wp:featuredmedia":[{"embeddable":true,"href":"https:\/\/longkft.hu\/audioblog\/wp-json\/wp\/v2\/media\/12688"}],"wp:attachment":[{"href":"https:\/\/longkft.hu\/audioblog\/wp-json\/wp\/v2\/media?parent=90"}],"curies":[{"name":"wp","href":"https:\/\/api.w.org\/{rel}","templated":true}]}}